{"id":19,"date":"2023-06-23T18:48:14","date_gmt":"2023-06-23T18:48:14","guid":{"rendered":"https:\/\/sfn.eventscape.sg\/?page_id=19"},"modified":"2026-01-05T04:36:39","modified_gmt":"2026-01-04T20:36:39","slug":"past-events-details","status":"publish","type":"page","link":"https:\/\/sooryafest.org\/index.php\/past-events-details\/","title":{"rendered":"Past Events (Details)"},"content":{"rendered":"\t\t<div data-elementor-type=\"wp-page\" data-elementor-id=\"19\" class=\"elementor elementor-19\">\n\t\t\t\t\t\t<section class=\"elementor-section elementor-top-section elementor-element elementor-element-be3f6ad elementor-section-boxed elementor-section-height-default elementor-section-height-default\" data-id=\"be3f6ad\" data-element_type=\"section\" data-e-type=\"section\" id=\"currentevent\">\n\t\t\t\t\t\t<div class=\"elementor-container elementor-column-gap-default\">\n\t\t\t\t\t<div class=\"elementor-column elementor-col-100 elementor-top-column elementor-element elementor-element-383e298\" data-id=\"383e298\" data-element_type=\"column\" data-e-type=\"column\">\n\t\t\t<div class=\"elementor-widget-wrap elementor-element-populated\">\n\t\t\t\t\t\t<div class=\"elementor-element elementor-element-32fc0fc elementor-widget elementor-widget-heading\" data-id=\"32fc0fc\" data-element_type=\"widget\" data-e-type=\"widget\" data-widget_type=\"heading.default\">\n\t\t\t\t<div class=\"elementor-widget-container\">\n\t\t\t\t\t<h1 class=\"elementor-heading-title elementor-size-default\">SooryaSG Festival 2025<\/h1>\t\t\t\t<\/div>\n\t\t\t\t<\/div>\n\t\t\t\t<div class=\"elementor-element elementor-element-14012df elementor-widget elementor-widget-heading\" data-id=\"14012df\" data-element_type=\"widget\" data-e-type=\"widget\" data-widget_type=\"heading.default\">\n\t\t\t\t<div class=\"elementor-widget-container\">\n\t\t\t\t\t<h1 class=\"elementor-heading-title elementor-size-default\"><span style=\"font-family: Roboto, sans-serif;font-size: 21px;font-style: normal;font-weight: 600\">Soorya Singapore Festival of Classical Dance &amp; Music 2025 - \u201cAnanada Lahari\u201d<\/span><br>\u2013 \u201cWaves of Bliss\u201dof exhilarating music and enchanting dance. A double bill event of Mandolin Music Concert and Kuchipudi-Kathakali Dance theatre, same evening, by acclaimed virtuosos.<br>\n\n\u201cMagical Mandolin\u201d by the celebrated mandolin maestro U Rajesh (India) Live @ Singapore!\nalong with accomplished percussionists:\nSwaminathan Selvaganesh (Ganjira, India),\nMahesh Parameswaran (Mridangam, Singapore) &amp;\nNawaz Mirajkar (Tabla, Singapore).<br>\n\nand<br>\n\n\u201cS\u012bt\u0101 R\u0101va\u1e47a Vaadam\u201d: A Kuchipudi-Kathakali dance drama depicting the confrontation between Sita and Ravana from the Ramayana \u2013 a tale of power and resilience.\nKuchipudi exponent T Reddi Lakshmi (India), as Sita &amp;\nKathakali virtuoso Kalyana Krishnan Nair (India), as Ravana.\n<\/h1>\t\t\t\t<\/div>\n\t\t\t\t<\/div>\n\t\t\t\t<div class=\"elementor-element elementor-element-1072fa1 elementor-widget elementor-widget-heading\" data-id=\"1072fa1\" data-element_type=\"widget\" data-e-type=\"widget\" id=\"eventoverview\" data-widget_type=\"heading.default\">\n\t\t\t\t<div class=\"elementor-widget-container\">\n\t\t\t\t\t<h2 class=\"elementor-heading-title elementor-size-default\"><a href=\"https:\/\/sooryafest.org\/index.php\/past-events-details\/ssf2025-anandalahari\/\">For details on this event, please click here<\/a><\/h2>\t\t\t\t<\/div>\n\t\t\t\t<\/div>\n\t\t\t\t<div class=\"elementor-element elementor-element-19df3f9 elementor-widget elementor-widget-text-editor\" data-id=\"19df3f9\" data-element_type=\"widget\" data-e-type=\"widget\" data-widget_type=\"text-editor.default\">\n\t\t\t\t<div class=\"elementor-widget-container\">\n\t\t\t\t\t\t\t\t\t<p><span style=\"color: #000404; font-family: Roboto, sans-serif; font-size: 45px; font-style: normal; font-variant-ligatures: normal; font-variant-caps: normal; font-weight: 300;\">SooryaSG Festival 2024<\/span><\/p>\t\t\t\t\t\t\t\t<\/div>\n\t\t\t\t<\/div>\n\t\t\t\t<div class=\"elementor-element elementor-element-2625792 elementor-widget elementor-widget-text-editor\" data-id=\"2625792\" data-element_type=\"widget\" data-e-type=\"widget\" data-widget_type=\"text-editor.default\">\n\t\t\t\t<div class=\"elementor-widget-container\">\n\t\t\t\t\t\t\t\t\t<p><strong>Soorya Singapore Festival of Classical Dance &amp; Music 2024 &#8211; \u201cTales from the Bull and the Tiger\u201d<\/strong> <br \/>A unique retelling of the stories of Shiva &amp; Shakti by their vahanas, Nandi and Simha (the vehicles of Shiva &amp; Parvati)<\/p>\t\t\t\t\t\t\t\t<\/div>\n\t\t\t\t<\/div>\n\t\t\t\t<div class=\"elementor-element elementor-element-15be9fb elementor-widget elementor-widget-heading\" data-id=\"15be9fb\" data-element_type=\"widget\" data-e-type=\"widget\" data-widget_type=\"heading.default\">\n\t\t\t\t<div class=\"elementor-widget-container\">\n\t\t\t\t\t<h2 class=\"elementor-heading-title elementor-size-default\"><a href=\"https:\/\/sooryafest.org\/index.php\/ssf2024\/\">For details on this event, please click here<\/a><\/h2>\t\t\t\t<\/div>\n\t\t\t\t<\/div>\n\t\t\t\t\t<\/div>\n\t\t<\/div>\n\t\t\t\t\t<\/div>\n\t\t<\/section>\n\t\t\t\t<section class=\"elementor-section elementor-top-section elementor-element elementor-element-015939c elementor-section-boxed elementor-section-height-default elementor-section-height-default\" data-id=\"015939c\" data-element_type=\"section\" data-e-type=\"section\">\n\t\t\t\t\t\t<div class=\"elementor-container elementor-column-gap-default\">\n\t\t\t\t\t<div class=\"elementor-column elementor-col-100 elementor-top-column elementor-element elementor-element-8103162\" data-id=\"8103162\" data-element_type=\"column\" data-e-type=\"column\">\n\t\t\t<div class=\"elementor-widget-wrap elementor-element-populated\">\n\t\t\t\t\t\t<div class=\"elementor-element elementor-element-bf2da07 elementor-widget elementor-widget-heading\" data-id=\"bf2da07\" data-element_type=\"widget\" data-e-type=\"widget\" data-widget_type=\"heading.default\">\n\t\t\t\t<div class=\"elementor-widget-container\">\n\t\t\t\t\t<h1 class=\"elementor-heading-title elementor-size-default\">SooryaSG Festival 2023<\/h1>\t\t\t\t<\/div>\n\t\t\t\t<\/div>\n\t\t\t\t<div class=\"elementor-element elementor-element-4e490ce elementor-widget elementor-widget-text-editor\" data-id=\"4e490ce\" data-element_type=\"widget\" data-e-type=\"widget\" data-widget_type=\"text-editor.default\">\n\t\t\t\t<div class=\"elementor-widget-container\">\n\t\t\t\t\t\t\t\t\t<p>Soorya Singapore Festival of Classical Dance &amp; Music 2023<\/p>\t\t\t\t\t\t\t\t<\/div>\n\t\t\t\t<\/div>\n\t\t\t\t<div class=\"elementor-element elementor-element-d55e904 elementor-widget elementor-widget-heading\" data-id=\"d55e904\" data-element_type=\"widget\" data-e-type=\"widget\" data-widget_type=\"heading.default\">\n\t\t\t\t<div class=\"elementor-widget-container\">\n\t\t\t\t\t<h2 class=\"elementor-heading-title elementor-size-default\">Event  Overview<\/h2>\t\t\t\t<\/div>\n\t\t\t\t<\/div>\n\t\t\t\t<div class=\"elementor-element elementor-element-2ff3276 elementor-widget elementor-widget-text-editor\" data-id=\"2ff3276\" data-element_type=\"widget\" data-e-type=\"widget\" data-widget_type=\"text-editor.default\">\n\t\t\t\t<div class=\"elementor-widget-container\">\n\t\t\t\t\t\t\t\t\t<p>This unique double-bill event features 2 performances &#8211; (1) A Carnatic music concert by the young prodigy and internet sensation, Rahul Vellal (India) and group and (2) A Kathak dance recital by the renowned Kathak Maestro Pandit Rajendra Gangani (India), Guru from Delhi Kathak Kendra. This event will be a magical expression of classical performing arts and an enriching experience of the magic of Indian classical arts which has mesmerised the Indian psyche over thousands of years. Audience will be entranced and enraptured by the magic of classical dance and music styles.<\/p><p><strong>Genre:<\/strong> Indian Classical Music and Dance<br \/><strong>Music:<\/strong> Rahul Vellal (India), the young Carnatic music prodigy and internet sensation and group. <br \/><strong>Dance:<\/strong> Kathak Maestro Pandit Rajendra Gangani (India), a most prominent Guru from Delhi Kathak Kendra, performing Kathak dance<br \/><strong>Supporting artists<\/strong>:Mridangam, Tabla (Percussion) and Violin accompanists\u00a0are local Singapore\u00a0artists.<br \/><strong>Date &amp; Time:<\/strong> Sat, 15 Jul 2023, 6:45 pm<br \/><strong>Venue:<\/strong> PGP Hall, Level 2 auditorium (397 Serangoon Rd)<br \/><b>Event will also feature a painting exhibition of original\u00a0works by local Singaporean visual artists (in the auditorium foyer).<\/b><\/p>\t\t\t\t\t\t\t\t<\/div>\n\t\t\t\t<\/div>\n\t\t\t\t<div class=\"elementor-element elementor-element-22c1c3b elementor-widget elementor-widget-heading\" data-id=\"22c1c3b\" data-element_type=\"widget\" data-e-type=\"widget\" data-widget_type=\"heading.default\">\n\t\t\t\t<div class=\"elementor-widget-container\">\n\t\t\t\t\t<h2 class=\"elementor-heading-title elementor-size-default\">Major Artists<\/h2>\t\t\t\t<\/div>\n\t\t\t\t<\/div>\n\t\t\t\t<div class=\"elementor-element elementor-element-d19ab7b elementor-widget elementor-widget-heading\" data-id=\"d19ab7b\" data-element_type=\"widget\" data-e-type=\"widget\" data-widget_type=\"heading.default\">\n\t\t\t\t<div class=\"elementor-widget-container\">\n\t\t\t\t\t<h3 class=\"elementor-heading-title elementor-size-default\">Pandit Rajendra Gangani<\/h3>\t\t\t\t<\/div>\n\t\t\t\t<\/div>\n\t\t\t\t<section class=\"elementor-section elementor-inner-section elementor-element elementor-element-531fa34 elementor-section-boxed elementor-section-height-default elementor-section-height-default\" data-id=\"531fa34\" data-element_type=\"section\" data-e-type=\"section\">\n\t\t\t\t\t\t<div class=\"elementor-container elementor-column-gap-default\">\n\t\t\t\t\t<div class=\"elementor-column elementor-col-50 elementor-inner-column elementor-element elementor-element-077e710\" data-id=\"077e710\" data-element_type=\"column\" data-e-type=\"column\">\n\t\t\t<div class=\"elementor-widget-wrap elementor-element-populated\">\n\t\t\t\t\t\t<div class=\"elementor-element elementor-element-0837e2b elementor-widget elementor-widget-image\" data-id=\"0837e2b\" data-element_type=\"widget\" data-e-type=\"widget\" data-widget_type=\"image.default\">\n\t\t\t\t<div class=\"elementor-widget-container\">\n\t\t\t\t\t\t\t\t\t\t\t\t\t\t\t<img decoding=\"async\" src=\"https:\/\/sooryafest.org\/wp-content\/uploads\/elementor\/thumbs\/RajendraGangani01-r2rpjfoo2zmxy2tjewf9w1elmr54e4w7s1ziadieec.jpg\" title=\"RajendraGangani01\" alt=\"RajendraGangani01\" loading=\"lazy\" \/>\t\t\t\t\t\t\t\t\t\t\t\t\t\t\t<\/div>\n\t\t\t\t<\/div>\n\t\t\t\t\t<\/div>\n\t\t<\/div>\n\t\t\t\t<div class=\"elementor-column elementor-col-50 elementor-inner-column elementor-element elementor-element-aee5534\" data-id=\"aee5534\" data-element_type=\"column\" data-e-type=\"column\">\n\t\t\t<div class=\"elementor-widget-wrap elementor-element-populated\">\n\t\t\t\t\t\t<div class=\"elementor-element elementor-element-23d5bb0 elementor-widget elementor-widget-text-editor\" data-id=\"23d5bb0\" data-element_type=\"widget\" data-e-type=\"widget\" data-widget_type=\"text-editor.default\">\n\t\t\t\t<div class=\"elementor-widget-container\">\n\t\t\t\t\t\t\t\t\t<p>Belonging to the renowned Jaipur \u2018Gharana\u2019 of Kathak, Pandit Rajendra Gangani, disciple and son of of Pt. Kundanlal Gangani, is an outstanding performer and crusader of the art in the talented scion of a family of hereditary dancers serving the art of Kathak for centuries together. He has easily absorbed the most complicated and difficult \u2018Bols\u2019 of Kathak, today, mesmerising audiences under the spell of his art for hours together. He has enriched himself with the essence of this style of dance together with integrating the purity of tradition with the creativeness of a contemporary approach.<br><span style=\"font-family: Roboto, sans-serif; font-size: 14px; font-style: normal; font-variant-ligatures: normal; font-variant-caps: normal; font-weight: 400;\"><br>Pt. Rajendra graduated from the Kathak Kendra, Delhi in the year 1983-84, and ever since has made significant contributions to this field.&nbsp;<\/span><br><\/p>\t\t\t\t\t\t\t\t<\/div>\n\t\t\t\t<\/div>\n\t\t\t\t\t<\/div>\n\t\t<\/div>\n\t\t\t\t\t<\/div>\n\t\t<\/section>\n\t\t\t\t<div class=\"elementor-element elementor-element-1d36b12 elementor-widget elementor-widget-text-editor\" data-id=\"1d36b12\" data-element_type=\"widget\" data-e-type=\"widget\" data-widget_type=\"text-editor.default\">\n\t\t\t\t<div class=\"elementor-widget-container\">\n\t\t\t\t\t\t\t\t\t<p><span style=\"font-family: Roboto, sans-serif; font-size: 14px; font-style: normal; font-variant-ligatures: normal; font-variant-caps: normal; font-weight: 400; color: var( --e-global-color-text );\">Although he sticks to the pure tradition of his gharana, he is an indefatigable experimenter, having choreographed several group compositions and dance dramas to standing ovations and rave reviews.\u00a0<\/span>Pt. Rajendra stands out for his style; making use of his excellent blend of manly grace and delicacy, he depicts the devotional aspects that characterises the Jaipur gharana. His dance forms depict the love of Radha Krishna, different Lilaas of Lord Vishnu. A large number of thematic items like Leele-Varnan, Raag Vistaar, Tribandhi, Sargam, Zhalak, Srijan, Kavitakriti, Maharaas, Parikrama has been produced by him. An accomplished musician, composer of tunes, he also has a rare mastery over the tabla, harmonium, pakhawaj, etc. With a confident grasp of the kinetics and aesthetics of dance, and his ability to select apt songs, his choreographic creations always bring an air of refreshing novelty.<\/p><p>Among the numerous awards and accolades he has won, are the \u2018Sangeet Raj\u2019, \u2018Shastriya Natya Shiromani\u2019, and the prestigious \u2018Sangeet Natya Akademy Award\u2019 which was bestowed upon him in 2003 by The President of India, Honorable Shri A P J Abdul Kalam.<\/p>\t\t\t\t\t\t\t\t<\/div>\n\t\t\t\t<\/div>\n\t\t\t\t<div class=\"elementor-element elementor-element-3f55d20 elementor-widget elementor-widget-heading\" data-id=\"3f55d20\" data-element_type=\"widget\" data-e-type=\"widget\" data-widget_type=\"heading.default\">\n\t\t\t\t<div class=\"elementor-widget-container\">\n\t\t\t\t\t<h3 class=\"elementor-heading-title elementor-size-default\">Rahul Vellal<\/h3>\t\t\t\t<\/div>\n\t\t\t\t<\/div>\n\t\t\t\t<section class=\"elementor-section elementor-inner-section elementor-element elementor-element-fe4297b elementor-section-boxed elementor-section-height-default elementor-section-height-default\" data-id=\"fe4297b\" data-element_type=\"section\" data-e-type=\"section\">\n\t\t\t\t\t\t<div class=\"elementor-container elementor-column-gap-default\">\n\t\t\t\t\t<div class=\"elementor-column elementor-col-50 elementor-inner-column elementor-element elementor-element-a5fad6c\" data-id=\"a5fad6c\" data-element_type=\"column\" data-e-type=\"column\">\n\t\t\t<div class=\"elementor-widget-wrap elementor-element-populated\">\n\t\t\t\t\t\t<div class=\"elementor-element elementor-element-de8a010 elementor-widget elementor-widget-image\" data-id=\"de8a010\" data-element_type=\"widget\" data-e-type=\"widget\" data-widget_type=\"image.default\">\n\t\t\t\t<div class=\"elementor-widget-container\">\n\t\t\t\t\t\t\t\t\t\t\t\t\t\t\t<img decoding=\"async\" src=\"https:\/\/sooryafest.org\/wp-content\/uploads\/elementor\/thumbs\/RV-8-r2rpjfonh290ddetdhbx3jwfb09ep79y4wfu85jakq.png\" title=\"RV-8\" alt=\"RV-8\" loading=\"lazy\" \/>\t\t\t\t\t\t\t\t\t\t\t\t\t\t\t<\/div>\n\t\t\t\t<\/div>\n\t\t\t\t\t<\/div>\n\t\t<\/div>\n\t\t\t\t<div class=\"elementor-column elementor-col-50 elementor-inner-column elementor-element elementor-element-e4d0673\" data-id=\"e4d0673\" data-element_type=\"column\" data-e-type=\"column\">\n\t\t\t<div class=\"elementor-widget-wrap elementor-element-populated\">\n\t\t\t\t\t\t<div class=\"elementor-element elementor-element-827f9f7 elementor-widget elementor-widget-text-editor\" data-id=\"827f9f7\" data-element_type=\"widget\" data-e-type=\"widget\" data-widget_type=\"text-editor.default\">\n\t\t\t\t<div class=\"elementor-widget-container\">\n\t\t\t\t\t\t\t\t\t<p>Rahul is a much sought after young musical prodigy from India, an internet sensation in Carnatic music. In a career spanning just eight years, Rahul has performed at prestigious venues across India and world, completed several international concert tours, and collaborated with world-famous musicians. Two Hollywood Disney film productions feature his tracks, including the Lion King.<\/p><p>He started learning Carnatic Music at the age of 4. He is learning Carnatic vocal music under renowned musicians Vidushi\u2019s Ranjani &amp; Gayatri. He was earlier learning Carnatic vocal music from Vidushi Kalavathy Avadhoot. He is learning to play the Mridangam from Vidwan Kulur U Jayachandra Rao. He is currently training in Western Piano from the Trinity School of Music, London under the guidance of Sri Abhishek N.<\/p><p style=\"font-variant-ligatures: normal; font-variant-caps: normal; font-family: Roboto, sans-serif; font-size: 14px; font-style: normal; font-weight: 400;\">He has performed Carnatic classical concerts in 6 countries &#8211; UAE, Singapore, Nigeria, Malaysia, Hong Kong and South Africa.<\/p>\t\t\t\t\t\t\t\t<\/div>\n\t\t\t\t<\/div>\n\t\t\t\t\t<\/div>\n\t\t<\/div>\n\t\t\t\t\t<\/div>\n\t\t<\/section>\n\t\t\t\t<div class=\"elementor-element elementor-element-92a11fe elementor-widget elementor-widget-text-editor\" data-id=\"92a11fe\" data-element_type=\"widget\" data-e-type=\"widget\" data-widget_type=\"text-editor.default\">\n\t\t\t\t<div class=\"elementor-widget-container\">\n\t\t\t\t\t\t\t\t\t<p><span style=\"font-size: 14px; color: var( --e-global-color-text );\">Rahul has many accomplishments to his credit such as: (1) Global Child Prodigy Awards 2020\u201d in Singing Category and \u201cTop 100 Global Child Prodigies of the World\u201d by the GCP Awards Group; (2) Shanmukhananda M S Subbulakshmi Fellowship for Carnatic Vocal [Sep 2018]; (3) RISING STAR of Carnatic Music Award by LIVING lifestyle magazine for Global Citizens, [Nov 2018]; (4) \u201cVocation Service Award\u201d in the field of Music by Rotary International [Aug 2021]; (5) Young Achiever 2017 Award (Carnatic Music) from Rotary International [Nov 2017]; (6) CCRT National Level Scholarship for Carnatic Music Vocal, Government of India; (7) Young Achiever 2019 Award (Carnatic Music) from Rotary International [2019]; (8) \u201cAalap Appreciation Award in the field of Classical Music\u201d by Kappanna Angala [Aug 2019] ; (9) Award by the Shanmukhanda Sabha, Mumbai [Dec 2018]; (10) Outstanding Achiever (ITM Foundation Mumbai); (11) Young Inspiration award by Smt Latha Rajnikanth [Nov 2018] etc.<\/span><\/p>\t\t\t\t\t\t\t\t<\/div>\n\t\t\t\t<\/div>\n\t\t\t\t\t<\/div>\n\t\t<\/div>\n\t\t\t\t\t<\/div>\n\t\t<\/section>\n\t\t\t\t<\/div>\n\t\t","protected":false},"excerpt":{"rendered":"<p>SooryaSG Festival 2025 Soorya Singapore Festival of Classical Dance &amp; Music 2025 &#8211; \u201cAnanada Lahari\u201d\u2013 \u201cWaves of Bliss\u201dof exhilarating music and enchanting dance. A double bill event of Mandolin Music Concert and Kuchipudi-Kathakali Dance theatre, same evening, by acclaimed virtuosos. \u201cMagical Mandolin\u201d by the celebrated mandolin maestro U Rajesh (India) Live @ Singapore! along with [&hellip;]<\/p>\n","protected":false},"author":1,"featured_media":0,"parent":0,"menu_order":0,"comment_status":"closed","ping_status":"closed","template":"","meta":{"ocean_post_layout":"full-screen","ocean_both_sidebars_style":"","ocean_both_sidebars_content_width":0,"ocean_both_sidebars_sidebars_width":0,"ocean_sidebar":"0","ocean_second_sidebar":"0","ocean_disable_margins":"enable","ocean_add_body_class":"","ocean_shortcode_before_top_bar":"","ocean_shortcode_after_top_bar":"","ocean_shortcode_before_header":"","ocean_shortcode_after_header":"","ocean_has_shortcode":"","ocean_shortcode_after_title":"","ocean_shortcode_before_footer_widgets":"","ocean_shortcode_after_footer_widgets":"","ocean_shortcode_before_footer_bottom":"","ocean_shortcode_after_footer_bottom":"","ocean_display_top_bar":"default","ocean_display_header":"default","ocean_header_style":"","ocean_center_header_left_menu":"0","ocean_custom_header_template":"0","ocean_custom_logo":0,"ocean_custom_retina_logo":0,"ocean_custom_logo_max_width":0,"ocean_custom_logo_tablet_max_width":0,"ocean_custom_logo_mobile_max_width":0,"ocean_custom_logo_max_height":0,"ocean_custom_logo_tablet_max_height":0,"ocean_custom_logo_mobile_max_height":0,"ocean_header_custom_menu":"0","ocean_menu_typo_font_family":"0","ocean_menu_typo_font_subset":"","ocean_menu_typo_font_size":0,"ocean_menu_typo_font_size_tablet":0,"ocean_menu_typo_font_size_mobile":0,"ocean_menu_typo_font_size_unit":"px","ocean_menu_typo_font_weight":"","ocean_menu_typo_font_weight_tablet":"","ocean_menu_typo_font_weight_mobile":"","ocean_menu_typo_transform":"","ocean_menu_typo_transform_tablet":"","ocean_menu_typo_transform_mobile":"","ocean_menu_typo_line_height":0,"ocean_menu_typo_line_height_tablet":0,"ocean_menu_typo_line_height_mobile":0,"ocean_menu_typo_line_height_unit":"","ocean_menu_typo_spacing":0,"ocean_menu_typo_spacing_tablet":0,"ocean_menu_typo_spacing_mobile":0,"ocean_menu_typo_spacing_unit":"","ocean_menu_link_color":"","ocean_menu_link_color_hover":"","ocean_menu_link_color_active":"","ocean_menu_link_background":"","ocean_menu_link_hover_background":"","ocean_menu_link_active_background":"","ocean_menu_social_links_bg":"","ocean_menu_social_hover_links_bg":"","ocean_menu_social_links_color":"","ocean_menu_social_hover_links_color":"","ocean_disable_title":"on","ocean_disable_heading":"default","ocean_post_title":"","ocean_post_subheading":"","ocean_post_title_style":"","ocean_post_title_background_color":"","ocean_post_title_background":0,"ocean_post_title_bg_image_position":"","ocean_post_title_bg_image_attachment":"","ocean_post_title_bg_image_repeat":"","ocean_post_title_bg_image_size":"","ocean_post_title_height":0,"ocean_post_title_bg_overlay":0.5,"ocean_post_title_bg_overlay_color":"","ocean_disable_breadcrumbs":"default","ocean_breadcrumbs_color":"","ocean_breadcrumbs_separator_color":"","ocean_breadcrumbs_links_color":"","ocean_breadcrumbs_links_hover_color":"","ocean_display_footer_widgets":"default","ocean_display_footer_bottom":"default","ocean_custom_footer_template":"0","footnotes":""},"class_list":["post-19","page","type-page","status-publish","hentry","entry"],"_links":{"self":[{"href":"https:\/\/sooryafest.org\/index.php\/wp-json\/wp\/v2\/pages\/19","targetHints":{"allow":["GET"]}}],"collection":[{"href":"https:\/\/sooryafest.org\/index.php\/wp-json\/wp\/v2\/pages"}],"about":[{"href":"https:\/\/sooryafest.org\/index.php\/wp-json\/wp\/v2\/types\/page"}],"author":[{"embeddable":true,"href":"https:\/\/sooryafest.org\/index.php\/wp-json\/wp\/v2\/users\/1"}],"replies":[{"embeddable":true,"href":"https:\/\/sooryafest.org\/index.php\/wp-json\/wp\/v2\/comments?post=19"}],"version-history":[{"count":39,"href":"https:\/\/sooryafest.org\/index.php\/wp-json\/wp\/v2\/pages\/19\/revisions"}],"predecessor-version":[{"id":1918,"href":"https:\/\/sooryafest.org\/index.php\/wp-json\/wp\/v2\/pages\/19\/revisions\/1918"}],"wp:attachment":[{"href":"https:\/\/sooryafest.org\/index.php\/wp-json\/wp\/v2\/media?parent=19"}],"curies":[{"name":"wp","href":"https:\/\/api.w.org\/{rel}","templated":true}]}}